{"id":9,"date":"2025-12-01T08:42:05","date_gmt":"2025-12-01T08:42:05","guid":{"rendered":"https:\/\/respace.dk\/blog\/?page_id=9"},"modified":"2026-01-21T15:23:09","modified_gmt":"2026-01-21T15:23:09","slug":"respace-blog-inspiration-trends-gode-rad-omkring-erhvervslokaler","status":"publish","type":"page","link":"https:\/\/respace.dk\/blog\/","title":{"rendered":"Respace blog | Inspiration, trends &amp; gode r\u00e5d omkring erhvervslokaler"},"content":{"rendered":"\t\t<div data-elementor-type=\"wp-page\" data-elementor-id=\"9\" class=\"elementor elementor-9\">\n\t\t\t\t<div class=\"elementor-element elementor-element-8b2d2fe e-flex e-con-boxed wpr-particle-no wpr-jarallax-no wpr-parallax-no wpr-sticky-section-no e-con e-parent\" data-id=\"8b2d2fe\" data-element_type=\"container\">\n\t\t\t\t\t<div class=\"e-con-inner\">\n\t\t<div class=\"elementor-element elementor-element-a43a107 e-con-full e-flex wpr-particle-no wpr-jarallax-no wpr-parallax-no wpr-sticky-section-no e-con e-child\" data-id=\"a43a107\" data-element_type=\"container\">\n\t\t\t\t<div class=\"elementor-element elementor-element-22e7821 elementor-widget elementor-widget-heading\" data-id=\"22e7821\" data-element_type=\"widget\" data-widget_type=\"heading.default\">\n\t\t\t\t\t<h1 class=\"elementor-heading-title elementor-size-default\">Velkommen til vores blog\n<\/h1>\t\t\t\t<\/div>\n\t\t\t\t<div class=\"elementor-element elementor-element-5eed4fb elementor-widget elementor-widget-text-editor\" data-id=\"5eed4fb\" data-element_type=\"widget\" data-widget_type=\"text-editor.default\">\n\t\t\t\t\t\t\t\t\t<p><span style=\"font-weight: 400;\">Hos Respace vil vi gerne hj\u00e6lpe dig godt p\u00e5 vej til dit nye erhvervslokale, eller hj\u00e6lpe dig med dine nuv\u00e6rende udfordringer. Derfor deler vi inspiration, indsigter og gode r\u00e5d om alt, der vedr\u00f8rer erhvervslokaler og erhvervsejendomme.<\/span><\/p><p><span style=\"font-weight: 400;\">Uanset om du er ejer, udlejer, k\u00f8ber eller bare er nysgerrig p\u00e5 de nyeste tendenser i erhvervslivet, finder du her viden, der hj\u00e6lper dig med at tr\u00e6ffe klogere beslutninger.<\/span><\/p>\t\t\t\t\t\t\t\t<\/div>\n\t\t\t\t<div class=\"elementor-element elementor-element-3ff7808 elementor-widget elementor-widget-heading\" data-id=\"3ff7808\" data-element_type=\"widget\" data-widget_type=\"heading.default\">\n\t\t\t\t\t<h2 class=\"elementor-heading-title elementor-size-default\">Vi dykker blandt andet ned i emner som:\n<\/h2>\t\t\t\t<\/div>\n\t\t\t\t<div class=\"elementor-element elementor-element-d1a80f6 elementor-widget elementor-widget-text-editor\" data-id=\"d1a80f6\" data-element_type=\"widget\" data-widget_type=\"text-editor.default\">\n\t\t\t\t\t\t\t\t\t<ul><li style=\"font-weight: 400;\" aria-level=\"1\"><span style=\"font-weight: 400;\">Hvordan du indretter funktionelle og inspirerende erhvervslokaler<\/span><\/li><li style=\"font-weight: 400;\" aria-level=\"1\"><span style=\"font-weight: 400;\">Hvad du b\u00f8r vide som ejer eller udlejer af erhvervsejendomme<\/span><\/li><li style=\"font-weight: 400;\" aria-level=\"1\"><span style=\"font-weight: 400;\">Nye trends i markedet for kontorer, butikslokaler, restauranter mm.<\/span><\/li><li style=\"font-weight: 400;\" aria-level=\"1\"><span style=\"font-weight: 400;\">Praktiske tips til at finde, optimere og markedsf\u00f8re dine lokaler<\/span><\/li><\/ul>\t\t\t\t\t\t\t\t<\/div>\n\t\t\t\t<\/div>\n\t\t<div class=\"elementor-element elementor-element-328045b e-con-full e-flex wpr-particle-no wpr-jarallax-no wpr-parallax-no wpr-sticky-section-no e-con e-child\" data-id=\"328045b\" data-element_type=\"container\">\n\t\t\t\t<div class=\"elementor-element elementor-element-dc002e7 elementor-widget elementor-widget-image\" data-id=\"dc002e7\" data-element_type=\"widget\" data-widget_type=\"image.default\">\n\t\t\t\t\t\t\t\t\t\t\t\t\t\t\t<img fetchpriority=\"high\" decoding=\"async\" width=\"480\" height=\"480\" src=\"https:\/\/respace.dk\/blog\/wp-content\/uploads\/2025\/12\/frontpage2.jpeg\" class=\"attachment-large size-large wp-image-39\" alt=\"\" srcset=\"https:\/\/respace.dk\/blog\/wp-content\/uploads\/2025\/12\/frontpage2.jpeg 480w, https:\/\/respace.dk\/blog\/wp-content\/uploads\/2025\/12\/frontpage2-300x300.jpeg 300w, https:\/\/respace.dk\/blog\/wp-content\/uploads\/2025\/12\/frontpage2-150x150.jpeg 150w\" sizes=\"(max-width: 480px) 100vw, 480px\" \/>\t\t\t\t\t\t\t\t\t\t\t\t\t\t\t<\/div>\n\t\t\t\t<\/div>\n\t\t\t\t\t<\/div>\n\t\t\t\t<\/div>\n\t\t<div class=\"elementor-element elementor-element-e816adf e-flex e-con-boxed wpr-particle-no wpr-jarallax-no wpr-parallax-no wpr-sticky-section-no e-con e-parent\" data-id=\"e816adf\" data-element_type=\"container\">\n\t\t\t\t\t<div class=\"e-con-inner\">\n\t\t<div class=\"elementor-element elementor-element-ec2b466 e-con-full e-flex wpr-particle-no wpr-jarallax-no wpr-parallax-no wpr-sticky-section-no e-con e-child\" data-id=\"ec2b466\" data-element_type=\"container\">\n\t\t\t\t<div class=\"elementor-element elementor-element-ff2a6bf elementor-widget elementor-widget-heading\" data-id=\"ff2a6bf\" data-element_type=\"widget\" data-widget_type=\"heading.default\">\n\t\t\t\t\t<h2 class=\"elementor-heading-title elementor-size-default\">Seneste blogindl\u00e6g<\/h2>\t\t\t\t<\/div>\n\t\t\t\t<div class=\"elementor-element elementor-element-5b5e7a9 wpr-grid-columns-3 wpr-grid-columns--tablet2 wpr-grid-columns--mobile1 wpr-grid-pagination-center wpr-item-styles-inner elementor-widget elementor-widget-wpr-grid\" data-id=\"5b5e7a9\" data-element_type=\"widget\" data-widget_type=\"wpr-grid.default\">\n\t\t\t\t\t<ul class=\"wpr-grid-filters elementor-clearfix wpr-grid-filters-sep-right\"><li class=\" wpr-pointer-none wpr-pointer-line-fx wpr-pointer-fx-none\"><span  data-filter=\"*\" class=\"wpr-grid-filters-item wpr-active-filter \">All Posts<\/span><em class=\"wpr-grid-filters-sep\"><\/em><\/li><li class=\" wpr-pointer-none wpr-pointer-line-fx wpr-pointer-fx-none\"><span   data-ajax-filter=[\"category\",\"indretning-af-erhvervslokaler\"]  data-filter=\".category-indretning-af-erhvervslokaler\">Indretning af erhvervslokaler<\/span><em class=\"wpr-grid-filters-sep\"><\/em><\/li><li class=\" wpr-pointer-none wpr-pointer-line-fx wpr-pointer-fx-none\"><span   data-ajax-filter=[\"category\",\"inspiration\"]  data-filter=\".category-inspiration\">Inspiration<\/span><em class=\"wpr-grid-filters-sep\"><\/em><\/li><li class=\" wpr-pointer-none wpr-pointer-line-fx wpr-pointer-fx-none\"><span   data-ajax-filter=[\"category\",\"kontor-og-kontorfaellesskaber\"]  data-filter=\".category-kontor-og-kontorfaellesskaber\">Kontor og kontorf\u00e6llesskaber<\/span><em class=\"wpr-grid-filters-sep\"><\/em><\/li><li class=\" wpr-pointer-none wpr-pointer-line-fx wpr-pointer-fx-none\"><span   data-ajax-filter=[\"category\",\"lejelov-og-regulering\"]  data-filter=\".category-lejelov-og-regulering\">Lejelov og regulering<\/span><em class=\"wpr-grid-filters-sep\"><\/em><\/li><li class=\" wpr-pointer-none wpr-pointer-line-fx wpr-pointer-fx-none\"><span   data-ajax-filter=[\"category\",\"udlejning-erhvervslokaler\"]  data-filter=\".category-udlejning-erhvervslokaler\">Udlejning af erhvervslokaler<\/span><em class=\"wpr-grid-filters-sep\"><\/em><\/li><li class=\" wpr-pointer-none wpr-pointer-line-fx wpr-pointer-fx-none\"><span   data-ajax-filter=[\"category\",\"virksomhedsflytning\"]  data-filter=\".category-virksomhedsflytning\">Virksomhedsflytning<\/span><em class=\"wpr-grid-filters-sep\"><\/em><\/li><\/ul><section class=\"wpr-grid elementor-clearfix\" data-settings=\"{&quot;layout&quot;:&quot;fitRows&quot;,&quot;stick_last_element_to_bottom&quot;:&quot;yes&quot;,&quot;columns_desktop&quot;:&quot;3&quot;,&quot;gutter_hr&quot;:15,&quot;gutter_hr_mobile&quot;:15,&quot;gutter_hr_mobile_extra&quot;:15,&quot;gutter_hr_tablet&quot;:15,&quot;gutter_hr_tablet_extra&quot;:15,&quot;gutter_hr_laptop&quot;:15,&quot;gutter_hr_widescreen&quot;:15,&quot;gutter_vr&quot;:15,&quot;gutter_vr_mobile&quot;:15,&quot;gutter_vr_mobile_extra&quot;:15,&quot;gutter_vr_tablet&quot;:15,&quot;gutter_vr_tablet_extra&quot;:15,&quot;gutter_vr_laptop&quot;:15,&quot;gutter_vr_widescreen&quot;:15,&quot;animation&quot;:&quot;default&quot;,&quot;animation_duration&quot;:0.3,&quot;animation_delay&quot;:0.1,&quot;deeplinking&quot;:&quot;&quot;,&quot;filters_linkable&quot;:&quot;no&quot;,&quot;filters_default_filter&quot;:&quot;&quot;,&quot;filters_count&quot;:&quot;&quot;,&quot;filters_hide_empty&quot;:&quot;no&quot;,&quot;filters_animation&quot;:&quot;default&quot;,&quot;filters_animation_duration&quot;:0.3,&quot;filters_animation_delay&quot;:0.1,&quot;pagination_type&quot;:&quot;load-more&quot;,&quot;pagination_max_pages&quot;:7,&quot;lightbox&quot;:{&quot;selector&quot;:&quot;.wpr-grid-image-wrap&quot;,&quot;iframeMaxWidth&quot;:&quot;60%&quot;,&quot;hash&quot;:false,&quot;autoplay&quot;:&quot;true&quot;,&quot;pause&quot;:5000,&quot;progressBar&quot;:&quot;true&quot;,&quot;counter&quot;:&quot;true&quot;,&quot;controls&quot;:&quot;true&quot;,&quot;getCaptionFromTitleOrAlt&quot;:&quot;true&quot;,&quot;thumbnail&quot;:&quot;&quot;,&quot;showThumbByDefault&quot;:&quot;&quot;,&quot;share&quot;:&quot;&quot;,&quot;zoom&quot;:&quot;true&quot;,&quot;fullScreen&quot;:&quot;true&quot;,&quot;download&quot;:&quot;true&quot;}}\" data-advanced-filters=\"no\"><article class=\"wpr-grid-item elementor-clearfix post-695 post type-post status-publish format-standard has-post-thumbnail hentry category-inspiration\"><div class=\"wpr-grid-item-inner\"><div class=\"wpr-grid-media-wrap wpr-effect-size-medium \" data-overlay-link=\"yes\"><div class=\"wpr-grid-image-wrap\" data-src=\"https:\/\/respace.dk\/blog\/wp-content\/uploads\/2026\/02\/respace-restaurantomrader-kbh-1.webp\" data-img-on-hover=\"\"  data-src-secondary=\"\"><img decoding=\"async\" data-no-lazy=\"1\" src=\"https:\/\/respace.dk\/blog\/wp-content\/uploads\/2026\/02\/respace-restaurantomrader-kbh-1.webp\" alt=\"Attraktive omr\u00e5der i K\u00f8benhavn til din n\u00e6ste restaurant\" class=\"wpr-anim-timing-ease-default\"><\/div><div class=\"wpr-grid-media-hover wpr-animation-wrap\"><div class=\"wpr-grid-media-hover-bg  wpr-overlay-fade-in wpr-anim-size-large wpr-anim-timing-ease-default wpr-anim-transparency\" data-url=\"https:\/\/respace.dk\/blog\/attraktive-omrader-i-kobenhavn-til-din-naeste-restaurant\/\"><\/div><\/div><\/div><div class=\"wpr-grid-item-below-content elementor-clearfix\"><h2 class=\"wpr-grid-item-title elementor-repeater-item-4e8f4e2 wpr-grid-item-display-block wpr-grid-item-align-left wpr-pointer-none wpr-pointer-line-fx wpr-pointer-fx-fade\"><div class=\"inner-block\"><a target=\"_self\"  href=\"https:\/\/respace.dk\/blog\/attraktive-omrader-i-kobenhavn-til-din-naeste-restaurant\/\">Attraktive omr\u00e5der i K\u00f8benhavn til din n\u00e6ste restaurant<\/a><\/div><\/h2><div class=\"wpr-grid-item-date elementor-repeater-item-7a2fb42 wpr-grid-item-display-inline wpr-grid-item-align-left\"><div class=\"inner-block\"><span>February 25, 2026<span class=\"wpr-grid-extra-text-right\">\/<\/span><\/span><\/div><\/div><div class=\"wpr-grid-item-author elementor-repeater-item-254ab82 wpr-grid-item-display-inline wpr-grid-item-align-left\"><div class=\"inner-block\"><a href=\"https:\/\/respace.dk\/blog\/author\/rspblogadmin\/\"><span>Respace<\/span><\/a><\/div><\/div><div class=\"wpr-grid-item-excerpt elementor-repeater-item-9111099 wpr-grid-item-display-block wpr-grid-item-align-left\"><div class=\"inner-block\"><p>Dr\u00f8mmer du om at \u00e5bne restaurant i K\u00f8benhavn? F\u00e5 overblik over byens mest attraktive omr\u00e5der og find det perfekte erhvervslokale.<\/p><\/div><\/div><div class=\"wpr-grid-item-read-more elementor-repeater-item-0127156 wpr-grid-item-display-block wpr-grid-item-align-left\"><div class=\"inner-block\"><a target=\"_self\" href=\"https:\/\/respace.dk\/blog\/attraktive-omrader-i-kobenhavn-til-din-naeste-restaurant\/\" class=\"wpr-button-effect wpr-button-none\"><span>L\u00e6s mere<\/span><\/a><\/div><\/div><\/div><\/div><\/article><article class=\"wpr-grid-item elementor-clearfix post-684 post type-post status-publish format-standard has-post-thumbnail hentry category-indretning-af-erhvervslokaler\"><div class=\"wpr-grid-item-inner\"><div class=\"wpr-grid-media-wrap wpr-effect-size-medium \" data-overlay-link=\"yes\"><div class=\"wpr-grid-image-wrap\" data-src=\"https:\/\/respace.dk\/blog\/wp-content\/uploads\/2026\/02\/respace-lillekontor-1.webp\" data-img-on-hover=\"\"  data-src-secondary=\"\"><img decoding=\"async\" data-no-lazy=\"1\" src=\"https:\/\/respace.dk\/blog\/wp-content\/uploads\/2026\/02\/respace-lillekontor-1.webp\" alt=\"Effektiv indretning af sm\u00e5 kontorer\" class=\"wpr-anim-timing-ease-default\"><\/div><div class=\"wpr-grid-media-hover wpr-animation-wrap\"><div class=\"wpr-grid-media-hover-bg  wpr-overlay-fade-in wpr-anim-size-large wpr-anim-timing-ease-default wpr-anim-transparency\" data-url=\"https:\/\/respace.dk\/blog\/effektiv-indretning-af-sma-kontorer\/\"><\/div><\/div><\/div><div class=\"wpr-grid-item-below-content elementor-clearfix\"><h2 class=\"wpr-grid-item-title elementor-repeater-item-4e8f4e2 wpr-grid-item-display-block wpr-grid-item-align-left wpr-pointer-none wpr-pointer-line-fx wpr-pointer-fx-fade\"><div class=\"inner-block\"><a target=\"_self\"  href=\"https:\/\/respace.dk\/blog\/effektiv-indretning-af-sma-kontorer\/\">Effektiv indretning af sm\u00e5 kontorer<\/a><\/div><\/h2><div class=\"wpr-grid-item-date elementor-repeater-item-7a2fb42 wpr-grid-item-display-inline wpr-grid-item-align-left\"><div class=\"inner-block\"><span>February 23, 2026<span class=\"wpr-grid-extra-text-right\">\/<\/span><\/span><\/div><\/div><div class=\"wpr-grid-item-author elementor-repeater-item-254ab82 wpr-grid-item-display-inline wpr-grid-item-align-left\"><div class=\"inner-block\"><a href=\"https:\/\/respace.dk\/blog\/author\/rspblogadmin\/\"><span>Respace<\/span><\/a><\/div><\/div><div class=\"wpr-grid-item-excerpt elementor-repeater-item-9111099 wpr-grid-item-display-block wpr-grid-item-align-left\"><div class=\"inner-block\"><p>F\u00e5 inspiration til optimal indretning af sm\u00e5 kontorer i erhvervslokaler. Se l\u00f8sninger med multifunktionelle m\u00f8bler, belysning og ergonomi her.<\/p><\/div><\/div><div class=\"wpr-grid-item-read-more elementor-repeater-item-0127156 wpr-grid-item-display-block wpr-grid-item-align-left\"><div class=\"inner-block\"><a target=\"_self\" href=\"https:\/\/respace.dk\/blog\/effektiv-indretning-af-sma-kontorer\/\" class=\"wpr-button-effect wpr-button-none\"><span>L\u00e6s mere<\/span><\/a><\/div><\/div><\/div><\/div><\/article><article class=\"wpr-grid-item elementor-clearfix post-676 post type-post status-publish format-standard has-post-thumbnail hentry category-inspiration\"><div class=\"wpr-grid-item-inner\"><div class=\"wpr-grid-media-wrap wpr-effect-size-medium \" data-overlay-link=\"yes\"><div class=\"wpr-grid-image-wrap\" data-src=\"https:\/\/respace.dk\/blog\/wp-content\/uploads\/2026\/02\/respace-byudvikling-1.webp\" data-img-on-hover=\"\"  data-src-secondary=\"\"><img decoding=\"async\" data-no-lazy=\"1\" src=\"https:\/\/respace.dk\/blog\/wp-content\/uploads\/2026\/02\/respace-byudvikling-1.webp\" alt=\"Byudvikling f\u00f8r og nu: Hvorfor butikker ikke er nok l\u00e6ngere\" class=\"wpr-anim-timing-ease-default\"><\/div><div class=\"wpr-grid-media-hover wpr-animation-wrap\"><div class=\"wpr-grid-media-hover-bg  wpr-overlay-fade-in wpr-anim-size-large wpr-anim-timing-ease-default wpr-anim-transparency\" data-url=\"https:\/\/respace.dk\/blog\/byudvikling-for-og-nu-hvorfor-butikker-ikke-er-nok-laengere\/\"><\/div><\/div><\/div><div class=\"wpr-grid-item-below-content elementor-clearfix\"><h2 class=\"wpr-grid-item-title elementor-repeater-item-4e8f4e2 wpr-grid-item-display-block wpr-grid-item-align-left wpr-pointer-none wpr-pointer-line-fx wpr-pointer-fx-fade\"><div class=\"inner-block\"><a target=\"_self\"  href=\"https:\/\/respace.dk\/blog\/byudvikling-for-og-nu-hvorfor-butikker-ikke-er-nok-laengere\/\">Byudvikling f\u00f8r og nu: Hvorfor butikker ikke er nok l\u00e6ngere<\/a><\/div><\/h2><div class=\"wpr-grid-item-date elementor-repeater-item-7a2fb42 wpr-grid-item-display-inline wpr-grid-item-align-left\"><div class=\"inner-block\"><span>February 18, 2026<span class=\"wpr-grid-extra-text-right\">\/<\/span><\/span><\/div><\/div><div class=\"wpr-grid-item-author elementor-repeater-item-254ab82 wpr-grid-item-display-inline wpr-grid-item-align-left\"><div class=\"inner-block\"><a href=\"https:\/\/respace.dk\/blog\/author\/rspblogadmin\/\"><span>Respace<\/span><\/a><\/div><\/div><div class=\"wpr-grid-item-excerpt elementor-repeater-item-9111099 wpr-grid-item-display-block wpr-grid-item-align-left\"><div class=\"inner-block\"><p>Byudvikling handler om mere end butikker. F\u00e5 indblik i tidens krav til erhvervslokaler, samspil mellem handel, kultur og hvordan bymidten...<\/p><\/div><\/div><div class=\"wpr-grid-item-read-more elementor-repeater-item-0127156 wpr-grid-item-display-block wpr-grid-item-align-left\"><div class=\"inner-block\"><a target=\"_self\" href=\"https:\/\/respace.dk\/blog\/byudvikling-for-og-nu-hvorfor-butikker-ikke-er-nok-laengere\/\" class=\"wpr-button-effect wpr-button-none\"><span>L\u00e6s mere<\/span><\/a><\/div><\/div><\/div><\/div><\/article><\/section><div class=\"wpr-grid-pagination elementor-clearfix wpr-grid-pagination-load-more\" data-pages=\"7\"><a href=\"https:\/\/respace.dk\/blog\/wp-json\/wp\/v2\/pages\/9\/page\/2\/\" class=\"wpr-load-more-btn\" data-e-disable-page-transition >Se flere indl\u00e6g<\/a><div class=\"wpr-pagination-loading\"><div class=\"wpr-double-bounce\"><div class=\"wpr-child wpr-double-bounce1\"><\/div><div class=\"wpr-child wpr-double-bounce2\"><\/div><\/div><\/div><p class=\"wpr-pagination-finish\"><\/p><\/div>\t\t\t\t<\/div>\n\t\t\t\t<\/div>\n\t\t\t\t\t<\/div>\n\t\t\t\t<\/div>\n\t\t\t\t<\/div>\n\t\t","protected":false},"excerpt":{"rendered":"<p>Velkommen til vores blog Hos Respace vil vi gerne hj\u00e6lpe dig godt p\u00e5 vej til dit nye erhvervslokale, eller hj\u00e6lpe dig med dine nuv\u00e6rende udfordringer. Derfor deler vi inspiration, indsigter og gode r\u00e5d om alt, der vedr\u00f8rer erhvervslokaler og erhvervsejendomme. Uanset om du er ejer, udlejer, k\u00f8ber eller bare er nysgerrig p\u00e5 de nyeste tendenser i erhvervslivet, finder du her viden, der hj\u00e6lper dig med at tr\u00e6ffe klogere beslutninger. Vi dykker blandt andet ned i emner som: Hvordan du indretter funktionelle og inspirerende erhvervslokaler Hvad du b\u00f8r vide som ejer eller udlejer af erhvervsejendomme Nye trends i markedet for kontorer, butikslokaler, restauranter mm. Praktiske tips til at finde, optimere og markedsf\u00f8re dine lokaler Seneste blogindl\u00e6g All Posts Indretning af erhvervslokaler Kontor og kontorf\u00e6llesskaber Lejelov og regulering Udlejning af erhvervslokaler Virksomhedsflytning S\u00e5dan indretter du din caf\u00e9 January 21, 2026\/Respace L\u00e6s vores guide til indretning af caf\u00e9er. L\u00e6r at forene atmosf\u00e6re, funktionalitet og identitet for at tiltr\u00e6kke flere g\u00e6ster og&#8230; L\u00e6s mere Flytning af virksomhed: S\u00e5dan sikrer du en effektiv og vellykket proces January 19, 2026\/Respace Flytning af virksomhed kr\u00e6ver b\u00e5de planl\u00e6gning &amp; overblik. F\u00e5 tips til vellykket proces, minimer driftsforstyrrelser og skab optimale rammer. L\u00e6s mere Hvad er markedsleje for erhvervslejem\u00e5l? January 15, 2026\/Respace L\u00e6r hvordan markedsleje beregnes, reguleres og hvilke faktorer der p\u00e5virker lejen. Opn\u00e5 fair og konkurrencedygtige vilk\u00e5r med vores guide. L\u00e6s mere Se flere indl\u00e6g<\/p>\n","protected":false},"author":1,"featured_media":0,"parent":0,"menu_order":0,"comment_status":"closed","ping_status":"closed","template":"","meta":{"inline_featured_image":false,"site-sidebar-layout":"no-sidebar","site-content-layout":"","ast-site-content-layout":"full-width-container","site-content-style":"default","site-sidebar-style":"default","ast-global-header-display":"","ast-banner-title-visibility":"","ast-main-header-display":"","ast-hfb-above-header-display":"","ast-hfb-below-header-display":"","ast-hfb-mobile-header-display":"","site-post-title":"disabled","ast-breadcrumbs-content":"","ast-featured-img":"disabled","footer-sml-layout":"","theme-transparent-header-meta":"","adv-header-id-meta":"","stick-header-meta":"","header-above-stick-meta":"","header-main-stick-meta":"","header-below-stick-meta":"","astra-migrate-meta-layouts":"default","ast-page-background-enabled":"default","ast-page-background-meta":{"desktop":{"background-color":"var(--ast-global-color-5)","background-image":"","background-repeat":"repeat","background-position":"center center","background-size":"auto","background-attachment":"scroll","background-type":"","background-media":"","overlay-type":"","overlay-color":"","overlay-opacity":"","overlay-gradient":""},"tablet":{"background-color":"","background-image":"","background-repeat":"repeat","background-position":"center center","background-size":"auto","background-attachment":"scroll","background-type":"","background-media":"","overlay-type":"","overlay-color":"","overlay-opacity":"","overlay-gradient":""},"mobile":{"background-color":"","background-image":"","background-repeat":"repeat","background-position":"center center","background-size":"auto","background-attachment":"scroll","background-type":"","background-media":"","overlay-type":"","overlay-color":"","overlay-opacity":"","overlay-gradient":""}},"ast-content-background-meta":{"desktop":{"background-color":"var(--ast-global-color-4)","background-image":"","background-repeat":"repeat","background-position":"center center","background-size":"auto","background-attachment":"scroll","background-type":"","background-media":"","overlay-type":"","overlay-color":"","overlay-opacity":"","overlay-gradient":""},"tablet":{"background-color":"var(--ast-global-color-4)","background-image":"","background-repeat":"repeat","background-position":"center center","background-size":"auto","background-attachment":"scroll","background-type":"","background-media":"","overlay-type":"","overlay-color":"","overlay-opacity":"","overlay-gradient":""},"mobile":{"background-color":"var(--ast-global-color-4)","background-image":"","background-repeat":"repeat","background-position":"center center","background-size":"auto","background-attachment":"scroll","background-type":"","background-media":"","overlay-type":"","overlay-color":"","overlay-opacity":"","overlay-gradient":""}},"footnotes":""},"class_list":["post-9","page","type-page","status-publish","hentry"],"_links":{"self":[{"href":"https:\/\/respace.dk\/blog\/wp-json\/wp\/v2\/pages\/9","targetHints":{"allow":["GET"]}}],"collection":[{"href":"https:\/\/respace.dk\/blog\/wp-json\/wp\/v2\/pages"}],"about":[{"href":"https:\/\/respace.dk\/blog\/wp-json\/wp\/v2\/types\/page"}],"author":[{"embeddable":true,"href":"https:\/\/respace.dk\/blog\/wp-json\/wp\/v2\/users\/1"}],"replies":[{"embeddable":true,"href":"https:\/\/respace.dk\/blog\/wp-json\/wp\/v2\/comments?post=9"}],"version-history":[{"count":70,"href":"https:\/\/respace.dk\/blog\/wp-json\/wp\/v2\/pages\/9\/revisions"}],"predecessor-version":[{"id":593,"href":"https:\/\/respace.dk\/blog\/wp-json\/wp\/v2\/pages\/9\/revisions\/593"}],"wp:attachment":[{"href":"https:\/\/respace.dk\/blog\/wp-json\/wp\/v2\/media?parent=9"}],"curies":[{"name":"wp","href":"https:\/\/api.w.org\/{rel}","templated":true}]}}